{"id":64,"date":"2020-08-27T18:03:13","date_gmt":"2020-08-27T18:03:13","guid":{"rendered":"https:\/\/tierpension.at\/?page_id=64"},"modified":"2025-01-07T05:43:19","modified_gmt":"2025-01-07T05:43:19","slug":"agb","status":"publish","type":"page","link":"https:\/\/tierpension.at\/index.php\/agb\/","title":{"rendered":"AGB"},"content":{"rendered":"<div id=\"pl-64\"  class=\"panel-layout\" ><div id=\"pg-64-0\"  class=\"panel-grid panel-no-style\" ><div id=\"pgc-64-0-0\"  class=\"panel-grid-cell\" ><div id=\"panel-64-0-0-0\" class=\"so-panel widget widget_sow-editor panel-first-child panel-last-child\" data-index=\"0\" ><div\n\t\t\t\n\t\t\tclass=\"so-widget-sow-editor so-widget-sow-editor-base\"\n\t\t\t\n\t\t>\n<div class=\"siteorigin-widget-tinymce textwidget\">\n\t<p style=\"text-align: center;\"><span style=\"text-decoration: underline;\"><strong>Impressum<\/strong><\/span><\/p>\n<p style=\"text-align: center;\">Daniela Hamminger, Brunnweg 11, 4814 Neukirchen,<br \/>\nTel-Nr.: 07612\/87990, Gerichtsstand Gmunden<\/p>\n<p style=\"text-align: center;\"><strong><u>Allgemeine Gesch\u00e4ftsbedingungen der Tierpension Altm\u00fcnster<\/u><\/strong><\/p>\n<p style=\"text-align: center;\"><strong>PREISE:<\/strong><\/p>\n<p style=\"text-align: center;\">Der Kunde wurde \u00fcber die aktuellen Preise informiert (stand 1.1.2021)<\/p>\n<p style=\"text-align: center;\">Hund (\u00fcber 20kg): 25 Euro<\/p>\n<p style=\"text-align: center;\">Hund (unter 20kg): 23 Euro<\/p>\n<p style=\"text-align: center;\">Katze: 16 Euro<\/p>\n<p style=\"text-align: center;\">Kleintiere (Kaninchen, Meerschweinchen, V\u00f6gel, Hamster, Ratten) 6 Euro<\/p>\n<p style=\"text-align: center;\">F\u00fcr zus\u00e4tzlichen Mehraufwand (schwierige Medikamentenverabreichung, sehr spezielle F\u00fctterungsw\u00fcnsche, usw.), der deutlich den normalen Zeitaufwand \u00fcberschreitet, werden<\/p>\n<p style=\"text-align: center;\">\u00a02 Euro\/Tag dazu verrechnet.<\/p>\n<p style=\"text-align: center;\">Die Preise verstehen sich immer pro Tag (bei Ankunft zw. 8 und 9 Uhr) bzw. pro Nacht (bei Ankunft zw. 18 und 19 Uhr)<\/p>\n<p style=\"text-align: center;\">Trockenfutter der Marke \u201eRoyal Canin\u201c ist im Preis inbegriffen, spezielles Futter muss vom Kunden mitgebracht werden, und \u00e4ndert nicht den Preis.<\/p>\n<p style=\"text-align: center;\">Die Rechnung ist bar bei Abholung zu bezahlen, bei nicht Nachkommen der Zahlungspflicht, beh\u00e4lt sich der Betreiber das Recht vor, das Tier solange einzubehalten, bis der Kunde den festgelegten Preis ausgleicht. Die dadurch entstandenen Mehrkosten tr\u00e4gt der Kunde.<\/p>\n<p style=\"text-align: center;\"><strong>Diese Tiere nehmen wir nicht auf:<\/strong><\/p>\n<ul style=\"text-align: center;\">\n<li>Tiere, die sich unseren Betreuerinnen gegen\u00fcber aggressiv verhalten<\/li>\n<li>Tiere die an ansteckenden Krankheiten leiden<\/li>\n<li>Reptilien und Spinnen<\/li>\n<\/ul>\n<p style=\"text-align: center;\"><strong>GESUNDHEIT:<\/strong><\/p>\n<p style=\"text-align: center;\">Physische und psychische Besonderheiten oder St\u00f6rungen des zu betreuenden Tieres sowie der Verdacht darauf, sind der Tierpension bei Buchung mitzuteilen.<\/p>\n<p style=\"text-align: center;\">Der Kunde muss bei Abgabe seines Tieres (Hund\/Katze) den Impfpass mit g\u00fcltigem Impfstatus vorzeigen.<\/p>\n<p style=\"text-align: center;\">Katzen m\u00fcssen zudem einen Leukose Test (wenn gegen Leukose nicht geimpft wurde) aufweisen.<\/p>\n<p style=\"text-align: center;\">Der Kunde hat sich vor Abgabe seines Tieres zu vergewissern, dass dieses frei von Parasiten und ansteckenden Krankheiten ist, anderenfalls wird das Tier bei uns kostenpflichtig vom Tierarzt behandelt, und auch zus\u00e4tzlicher Mehraufwand, wie z.B. die anschlie\u00dfend n\u00f6tige Flohbek\u00e4mpfung in den R\u00e4umlichkeiten werden dem Kunden in Rechnung gestellt.<\/p>\n<p style=\"text-align: center;\">Der Betreiber \u00fcbernimmt keinerlei Haftung f\u00fcr eventuelle gesundheitliche Sch\u00e4den an einem Gasttier, sofern sie nicht von uns fahrl\u00e4ssig herbeigef\u00fchrt wurden.<\/p>\n<p style=\"text-align: center;\">Im Krankheitsfall wird dem Betreiber die Erlaubnis erteilet, das Gasttier kostenpflichtig einem Tierarzt zur Behandlung vorzustellen.<\/p>\n<p style=\"text-align: center;\">Trotz aller Prophylaxe, kann es in seltenen F\u00e4llen zur Ansteckung mit Parasiten kommen, in diesem Fall \u00fcbernimmt der Betreiber keine Haftung.<\/p>\n<p style=\"text-align: center;\">Verstirbt ein Tier durch Krankheit oder Unfall etc. kann mit Ausnahme von Vorsatz oder grober Fahrl\u00e4ssigkeit, kein Schadenersatz verlangt werden<\/p>\n<p style=\"text-align: center;\"><strong>HAFTUNG:<\/strong><\/p>\n<p style=\"text-align: center;\">Der Kunde hat die M\u00f6glichkeit, die Anlage vor Buchung zu besichtigen, und nimmt zur Kenntnis, dass der Betreiber keinerlei Haftung bei selbstst\u00e4ndigem Ausbrechen seines Tieres \u00fcbernimmt.<\/p>\n<p style=\"text-align: center;\">F\u00fcr eigene mitgebrachte Gegenst\u00e4nde des Kunden wie K\u00f6rbe, Decken, Boxen, Spielzeug, Leinen u. \u00e4. \u00fcbernimmt der Betreiber keine Haftung.<\/p>\n<p style=\"text-align: center;\"><strong>VORZEITIGE ABHOLUNG:<\/strong><\/p>\n<p style=\"text-align: center;\">Der Kunde ist verpflichtet, eine Kontaktperson zu nennen, die vom Betreiber unverz\u00fcglich benachrichtigt werden kann, wenn bei seinem Tier gesundheitliche oder psychische St\u00f6rungen auftreten oder das Tier Eingew\u00f6hnungsprobleme zeigt, die das gew\u00f6hnliche Ma\u00df \u00fcbersteigen. Sie wird des Weiteren benachrichtigt, wenn das zu betreuende Tier in der Tierpension Aggressionsverhalten bzw. Angstverhalten zeigt, dass eine gefahrenlose F\u00fchrung f\u00fcr uns unm\u00f6glich macht. Der Kunde hat in diesen F\u00e4llen Sorge zu tragen, dass das Tier durch ihn oder durch die Kontaktperson ehestm\u00f6glich abgeholt wird.<\/p>\n<p style=\"text-align: center;\"><strong>NICHTABHOLUNG:<\/strong><\/p>\n<p style=\"text-align: center;\">Der Kunde verpflichtet sich, sein Tier umgehend nach Ablauf der vereinbarten Pensionsdauer abzuholen. Bei Nichtabholung, bis sp\u00e4testens 10 Tage nach dem vereinbarten Termin, beh\u00e4lt sich der Betreiber das Recht vor, das Tier in ein Tierheim oder an eine Privatperson weiterzugeben. Die in diesem Zusammenhang entstehenden Kosten werden dem Kunden in Rechnung gestellt. F\u00fcr jeden zus\u00e4tzlichen Tag ist der jeweilige Tagessatz zu entrichten.<\/p>\n<p style=\"text-align: center;\"><strong>STORNO:<\/strong><\/p>\n<p style=\"text-align: center;\">Bei Nichterscheinen ohne \u00a0Absage, verrechnen wir den vollen Preis der gebuchten Aufenthaltsdauer.<\/p>\n<p style=\"text-align: center;\">Bei Stornierung bis 3 Tage vor dem gebuchten Termin werden 50% der Kosten verrechnet.<\/p>\n<p style=\"text-align: center;\"><strong>KUNDENDATEN:<\/strong><\/p>\n<p style=\"text-align: center;\">Der Kunde erkl\u00e4rt sich bereit, dass die erhobenen Personendaten und sachbezogene Daten in die Kundenkartei aufgenommen werden. Diese Daten werden ausschlie\u00dflich f\u00fcr die Tierbetreuung genutzt und nicht an Dritte weitergegeben. Der Betreiber beh\u00e4lt sich vor, w\u00e4hrend der Betreuung Fotos oder Videos der Gasttiere aufzunehmen. Der Kunde des zu betreuenden Tieres erkl\u00e4rt sich mit der Ver\u00f6ffentlichung dieser Materialien durch die Tierpension auf der Homepage einverstanden.<\/p>\n<p style=\"text-align: center;\"><strong>ABLEHNUNGSRECHT:<\/strong><\/p>\n<p style=\"text-align: center;\">Die Tierpension hat die Entscheidungsbefugnis, Anfragen und Auftr\u00e4ge jeglicher Art ohne Benennung von Gr\u00fcnden abzulehnen.<\/p>\n<\/div>\n<\/div><\/div><\/div><\/div><\/div>","protected":false},"excerpt":{"rendered":"<p>Impressum Daniela Hamminger, Brunnweg 11, 4814 Neukirchen, Tel-Nr.: 07612\/87990, Gerichtsstand Gmunden Allgemeine Gesch\u00e4ftsbedingungen der Tierpension Altm\u00fcnster PREISE: Der Kunde wurde \u00fcber die aktuellen Preise informiert (stand 1.1.2021) Hund (\u00fcber 20kg): 25 Euro Hund (unter 20kg): 23 Euro Katze: 16 Euro Kleintiere (Kaninchen, Meerschweinchen, V\u00f6gel, Hamster, Ratten) 6 Euro F\u00fcr zus\u00e4tzlichen Mehraufwand (schwierige Medikamentenverabreichung, sehr spezielle [&hellip;]<\/p>\n","protected":false},"author":1,"featured_media":0,"parent":0,"menu_order":0,"comment_status":"closed","ping_status":"closed","template":"","meta":{"footnotes":""},"class_list":["post-64","page","type-page","status-publish","hentry"],"_links":{"self":[{"href":"https:\/\/tierpension.at\/index.php\/wp-json\/wp\/v2\/pages\/64","targetHints":{"allow":["GET"]}}],"collection":[{"href":"https:\/\/tierpension.at\/index.php\/wp-json\/wp\/v2\/pages"}],"about":[{"href":"https:\/\/tierpension.at\/index.php\/wp-json\/wp\/v2\/types\/page"}],"author":[{"embeddable":true,"href":"https:\/\/tierpension.at\/index.php\/wp-json\/wp\/v2\/users\/1"}],"replies":[{"embeddable":true,"href":"https:\/\/tierpension.at\/index.php\/wp-json\/wp\/v2\/comments?post=64"}],"version-history":[{"count":8,"href":"https:\/\/tierpension.at\/index.php\/wp-json\/wp\/v2\/pages\/64\/revisions"}],"predecessor-version":[{"id":682,"href":"https:\/\/tierpension.at\/index.php\/wp-json\/wp\/v2\/pages\/64\/revisions\/682"}],"wp:attachment":[{"href":"https:\/\/tierpension.at\/index.php\/wp-json\/wp\/v2\/media?parent=64"}],"curies":[{"name":"wp","href":"https:\/\/api.w.org\/{rel}","templated":true}]}}