{"id":51,"date":"2020-08-27T18:02:35","date_gmt":"2020-08-27T18:02:35","guid":{"rendered":"https:\/\/tierpension.at\/?page_id=51"},"modified":"2023-05-09T05:10:08","modified_gmt":"2023-05-09T05:10:08","slug":"team","status":"publish","type":"page","link":"https:\/\/tierpension.at\/index.php\/team\/","title":{"rendered":"Team"},"content":{"rendered":"<div id=\"pl-51\"  class=\"panel-layout\" ><div id=\"pg-51-0\"  class=\"panel-grid panel-no-style\" ><div id=\"pgc-51-0-0\"  class=\"panel-grid-cell\" ><div id=\"panel-51-0-0-0\" class=\"so-panel widget widget_sow-image panel-first-child\" data-index=\"0\" ><div\n\t\t\t\n\t\t\tclass=\"so-widget-sow-image so-widget-sow-image-default-8b5b6f678277-51\"\n\t\t\t\n\t\t>\n<div class=\"sow-image-container\">\n\t\t<img \n\tsrc=\"https:\/\/tierpension.at\/wp-content\/uploads\/2022\/11\/GW7_1252-Bearbeitet-1-Bearbeitet-1024x754.jpg\" width=\"580\" height=\"427\" srcset=\"https:\/\/tierpension.at\/wp-content\/uploads\/2022\/11\/GW7_1252-Bearbeitet-1-Bearbeitet-1024x754.jpg 1024w, https:\/\/tierpension.at\/wp-content\/uploads\/2022\/11\/GW7_1252-Bearbeitet-1-Bearbeitet-300x221.jpg 300w, https:\/\/tierpension.at\/wp-content\/uploads\/2022\/11\/GW7_1252-Bearbeitet-1-Bearbeitet-768x565.jpg 768w, https:\/\/tierpension.at\/wp-content\/uploads\/2022\/11\/GW7_1252-Bearbeitet-1-Bearbeitet-1536x1131.jpg 1536w, https:\/\/tierpension.at\/wp-content\/uploads\/2022\/11\/GW7_1252-Bearbeitet-1-Bearbeitet-2048x1508.jpg 2048w, https:\/\/tierpension.at\/wp-content\/uploads\/2022\/11\/GW7_1252-Bearbeitet-1-Bearbeitet-1200x884.jpg 1200w, https:\/\/tierpension.at\/wp-content\/uploads\/2022\/11\/GW7_1252-Bearbeitet-1-Bearbeitet-1980x1458.jpg 1980w\" sizes=\"(max-width: 580px) 100vw, 580px\" title=\"GW7_1252-Bearbeitet-1-Bearbeitet\" alt=\"\" \t\tclass=\"so-widget-image\"\/>\n\t<\/div>\n\n<\/div><\/div><div id=\"panel-51-0-0-1\" class=\"so-panel widget widget_sow-editor panel-last-child\" data-index=\"1\" ><div\n\t\t\t\n\t\t\tclass=\"so-widget-sow-editor so-widget-sow-editor-base\"\n\t\t\t\n\t\t>\n<div class=\"siteorigin-widget-tinymce textwidget\">\n\t<h3 style=\"text-align: center;\"><strong><span style=\"color: #000000;\">Wir sind mit Herz und Seele f\u00fcr ihr Tier da.<\/span><\/strong><\/h3>\n<p style=\"text-align: center;\">Bereits 1997 er\u00f6ffnete Dr. med. vet. Gregor Luciak die Tierpension in herrlich ruhiger Lage, umgeben von Wiesen und W\u00e4ldern am Fu\u00dfe des Grasbergs in Altm\u00fcnster.<br \/>\nAm 1. August 2020 \u00fcbernahm Daniela die Tierpension, und f\u00fchrt sie seither mit tatkr\u00e4ftiger Unterst\u00fctzung ihrer MitarbeiterInnen weiter.<br \/>\nDr. med. vet. Gregor Luciak hat sich mittlerweile in den wohlverdienten Ruhestand begeben, er wird jedoch immer ein gern gesehener Gast bleiben.<\/p>\n<\/div>\n<\/div><\/div><\/div><\/div><\/div>","protected":false},"excerpt":{"rendered":"<p>Wir sind mit Herz und Seele f\u00fcr ihr Tier da. Bereits 1997 er\u00f6ffnete Dr. med. vet. Gregor Luciak die Tierpension in herrlich ruhiger Lage, umgeben von Wiesen und W\u00e4ldern am Fu\u00dfe des Grasbergs in Altm\u00fcnster. Am 1. August 2020 \u00fcbernahm Daniela die Tierpension, und f\u00fchrt sie seither mit tatkr\u00e4ftiger Unterst\u00fctzung ihrer MitarbeiterInnen weiter. Dr. med. [&hellip;]<\/p>\n","protected":false},"author":1,"featured_media":0,"parent":0,"menu_order":0,"comment_status":"closed","ping_status":"closed","template":"","meta":{"footnotes":""},"class_list":["post-51","page","type-page","status-publish","hentry"],"_links":{"self":[{"href":"https:\/\/tierpension.at\/index.php\/wp-json\/wp\/v2\/pages\/51","targetHints":{"allow":["GET"]}}],"collection":[{"href":"https:\/\/tierpension.at\/index.php\/wp-json\/wp\/v2\/pages"}],"about":[{"href":"https:\/\/tierpension.at\/index.php\/wp-json\/wp\/v2\/types\/page"}],"author":[{"embeddable":true,"href":"https:\/\/tierpension.at\/index.php\/wp-json\/wp\/v2\/users\/1"}],"replies":[{"embeddable":true,"href":"https:\/\/tierpension.at\/index.php\/wp-json\/wp\/v2\/comments?post=51"}],"version-history":[{"count":13,"href":"https:\/\/tierpension.at\/index.php\/wp-json\/wp\/v2\/pages\/51\/revisions"}],"predecessor-version":[{"id":459,"href":"https:\/\/tierpension.at\/index.php\/wp-json\/wp\/v2\/pages\/51\/revisions\/459"}],"wp:attachment":[{"href":"https:\/\/tierpension.at\/index.php\/wp-json\/wp\/v2\/media?parent=51"}],"curies":[{"name":"wp","href":"https:\/\/api.w.org\/{rel}","templated":true}]}}