{"id":36,"date":"2020-08-27T18:01:41","date_gmt":"2020-08-27T18:01:41","guid":{"rendered":"https:\/\/tierpension.at\/?page_id=36"},"modified":"2022-09-05T14:01:10","modified_gmt":"2022-09-05T14:01:10","slug":"willkommen-in-der-tierpension-altmunster","status":"publish","type":"page","link":"https:\/\/tierpension.at\/","title":{"rendered":"Willkommen in der Tierpension Altm\u00fcnster"},"content":{"rendered":"<div id=\"pl-36\"  class=\"panel-layout\" ><div id=\"pg-36-0\"  class=\"panel-grid panel-no-style\" ><div id=\"pgc-36-0-0\"  class=\"panel-grid-cell\" ><div id=\"panel-36-0-0-0\" class=\"so-panel widget widget_sow-editor panel-first-child panel-last-child\" data-index=\"0\" ><div\n\t\t\t\n\t\t\tclass=\"so-widget-sow-editor so-widget-sow-editor-base\"\n\t\t\t\n\t\t>\n<div class=\"siteorigin-widget-tinymce textwidget\">\n\t<h5 style=\"text-align: center;\">Sie m\u00f6chten Urlaub machen und wissen nicht wie Sie Ihren Vierbeiner sicher unterbringen?<br style=\"color: #000000; font-family: Cabin, Helvetica, Arial, sans-serif; font-size: 30px; background-color: #fefffd;\" \/>Sie sind ein paar Tage nicht zu Hause, m\u00fcssen ins Krankenhaus, ... und haben niemanden der sich um Ihr Haustier k\u00fcmmern kann?<br style=\"color: #000000; font-family: Cabin, Helvetica, Arial, sans-serif; font-size: 30px; background-color: #fefffd;\" \/><br style=\"color: #000000; font-family: Cabin, Helvetica, Arial, sans-serif; font-size: 30px; background-color: #fefffd;\" \/>Wir haben die L\u00f6sung. Gerne \u00fcbernehmen wir das ganze Jahr \u00fcber die liebevolle Betreuung.<\/h5>\n<\/div>\n<\/div><\/div><\/div><\/div><\/div>","protected":false},"excerpt":{"rendered":"<p>Sie m\u00f6chten Urlaub machen und wissen nicht wie Sie Ihren Vierbeiner sicher unterbringen?Sie sind ein paar Tage nicht zu Hause, m\u00fcssen ins Krankenhaus, &#8230; und haben niemanden der sich um Ihr Haustier k\u00fcmmern kann?Wir haben die L\u00f6sung. Gerne \u00fcbernehmen wir das ganze Jahr \u00fcber die liebevolle Betreuung.<\/p>\n","protected":false},"author":1,"featured_media":0,"parent":0,"menu_order":0,"comment_status":"closed","ping_status":"closed","template":"","meta":{"footnotes":""},"class_list":["post-36","page","type-page","status-publish","hentry"],"_links":{"self":[{"href":"https:\/\/tierpension.at\/index.php\/wp-json\/wp\/v2\/pages\/36","targetHints":{"allow":["GET"]}}],"collection":[{"href":"https:\/\/tierpension.at\/index.php\/wp-json\/wp\/v2\/pages"}],"about":[{"href":"https:\/\/tierpension.at\/index.php\/wp-json\/wp\/v2\/types\/page"}],"author":[{"embeddable":true,"href":"https:\/\/tierpension.at\/index.php\/wp-json\/wp\/v2\/users\/1"}],"replies":[{"embeddable":true,"href":"https:\/\/tierpension.at\/index.php\/wp-json\/wp\/v2\/comments?post=36"}],"version-history":[{"count":7,"href":"https:\/\/tierpension.at\/index.php\/wp-json\/wp\/v2\/pages\/36\/revisions"}],"predecessor-version":[{"id":347,"href":"https:\/\/tierpension.at\/index.php\/wp-json\/wp\/v2\/pages\/36\/revisions\/347"}],"wp:attachment":[{"href":"https:\/\/tierpension.at\/index.php\/wp-json\/wp\/v2\/media?parent=36"}],"curies":[{"name":"wp","href":"https:\/\/api.w.org\/{rel}","templated":true}]}}